{"id":1950,"date":"2023-04-11T15:31:35","date_gmt":"2023-04-11T13:31:35","guid":{"rendered":"https:\/\/www.kreativ24-7.org\/workshop\/workshop-with-tadelakt\/"},"modified":"2026-04-06T11:53:32","modified_gmt":"2026-04-06T09:53:32","slug":"workshop-with-tadelakt","status":"publish","type":"product","link":"https:\/\/www.kreativ24-7.org\/en\/workshop\/workshop-with-tadelakt\/","title":{"rendered":"Workshop with Tadelakt"},"content":{"rendered":"<div class=\"et_pb_section_0 et_pb_section et_section_regular et_block_section\">\n<div class=\"et_pb_row_0 et_pb_row et_block_row\">\n<div class=\"et_pb_column_0 et_pb_column et_pb_column_4_4 et-last-child et_block_column et_pb_css_mix_blend_mode_passthrough\">\n\n\n<div class=\"et_pb_wc_cart_notice_0 et_pb_wc_cart_notice et_pb_fields_layout_default et_pb_module\"><div class=\"et_pb_module_inner\">\n\t<div class=\"woocommerce-message\" role=\"alert\">\n\t\t&ldquo;Product Name&rdquo; has been added to cart.\t<\/div>\n<\/div><\/div>\n<\/div>\n<\/div>\n\n<div class=\"et_pb_row_1 et_pb_row et_block_row\">\n<div class=\"et_pb_column_1 et_pb_column et_pb_column_1_2 et_block_column et_pb_css_mix_blend_mode_passthrough\">\n<div class=\"et_pb_wc_images_0 et_pb_wc_images et_pb_module\"><div class=\"et_pb_module_inner\"><\/div><\/div>\n<\/div>\n\n<div class=\"et_pb_column_2 et_pb_column et_pb_column_1_2 et-last-child et_block_column et_pb_css_mix_blend_mode_passthrough\">\n<div class=\"et_pb_wc_title_0 et_pb_wc_title et_pb_bg_layout_light et_pb_module\"><div class=\"et_pb_module_inner\">\n\t\t<h1>Workshop with Tadelakt<\/h1><\/div><\/div>\n\n\n\n\n\n\n\n\n\n\n\n<div class=\"et_pb_text_0 et_pb_text et_pb_bg_layout_light et_pb_module et_block_module\"><div class=\"et_pb_text_inner\"><p>Tadelakt is a lime plastering technique from Morocco that is thousands of years old. The plastering work is used inside and out and especially in the public baths. Coloring is achieved with pigments. To make the rebuke water-repellent, it is hydrophobized with Marseille soap. Enchanting, shiny surfaces with a vibrant appearance are created. Tadelakt is popular in showers, bathrooms, sinks, kitchens and living spaces, as well as for designing decorative items.     <\/p>\n<p>We work with ecologically sound products from the <a href=\"https:\/\/www.tadelaktmanufaktur.com\/en\/\" target=\"_blank\" rel=\"noopener\">Tadelakt Manufactory<\/a> in Austria. Members of the Kreativ 24\/7 association receive a 10% discount in the Tadelakt Manufaktur online shop. If you also want to become a member, you can <a href=\"https:\/\/www.kreativ24-7.org\/wp-content\/uploads\/BeitrittserklaerungKreativ24-7_englisch.pdf\" target=\"_blank\" rel=\"noopener\">download the joining form right here<\/a>.<\/p>\n<\/div><\/div>\n<\/div>\n<\/div>\n\n<div class=\"et_pb_row_2 et_pb_row et_block_row\">\n<div class=\"et_pb_column_3 et_pb_column et_pb_column_4_4 et-last-child et_block_column et_pb_css_mix_blend_mode_passthrough\">\n<div class=\"et_pb_wc_tabs_0 et_pb_wc_tabs et_pb_tabs et_pb_module\"><div class=\"et_pb_module_inner\"><ul class=\"et_pb_tabs_controls clearfix\"><\/ul><div class=\"et_pb_all_tabs\"><\/div><\/div><\/div>\n<\/div>\n<\/div>\n<\/div>\n\n<div class=\"et_pb_section_1 et_pb_section et_section_regular et_block_section\">\n<div class=\"et_pb_row_3 et_pb_row et_pb_equal_columns et_block_row\">\n<div class=\"et_pb_column_4 et_pb_column et_pb_column_1_3 et_block_column et_pb_css_mix_blend_mode_passthrough\">\n<div class=\"et_pb_blurb_0 et_pb_blurb et_pb_bg_layout_light et_pb_text_align_center et_pb_blurb_position_top et_pb_module et_block_module\"><div class=\"et_pb_blurb_content\"><div class=\"et_pb_main_blurb_image\"><span class=\"et_pb_image_wrap\"><span class=\"et-pb-icon\">\uf0c0<\/span><\/span><\/div><div class=\"et_pb_blurb_container\"><h4 class=\"et_pb_module_header\">Rabatte f\u00fcr Mitglieder<\/h4><div class=\"et_pb_blurb_description\" data-et-mv-hidden-tablet=\"true\"><p>Unsere Mitglieder erhalten 25% Rabatt auf <a href=\"https:\/\/www.kreativ24-7.org\/produkt-kategorie\/workshops-seminare\/\">Workshops<\/a> und 10% auf die folgenden Online-Shops:<\/p>\n<p><a href=\"https:\/\/www.stucco-naturale.com\/\" target=\"_blank\" rel=\"noopener\">stucco-naturale.com<\/a><\/p>\n<p><a href=\"https:\/\/www.tadelaktmanufaktur.com\/\" target=\"_blank\" rel=\"noopener\">tadelaktmanufaktur.com<\/a><\/p>\n<p><a href=\"https:\/\/carnaubawachs-kaufen.org\/\" target=\"_blank\" rel=\"noopener\">carnaubawachs-kaufen.org<\/a><\/p>\n<\/div><\/div><\/div><\/div>\n<\/div>\n\n<div class=\"et_pb_column_5 et_pb_column et_pb_column_1_3 et_block_column et_pb_css_mix_blend_mode_passthrough\">\n<div class=\"et_pb_blurb_1 et_pb_blurb et_pb_bg_layout_light et_pb_text_align_center et_pb_blurb_position_top et_pb_module et_block_module\"><div class=\"et_pb_blurb_content\"><div class=\"et_pb_main_blurb_image\"><span class=\"et_pb_image_wrap\"><span class=\"et-pb-icon\">\uf0ca<\/span><\/span><\/div><div class=\"et_pb_blurb_container\"><h4 class=\"et_pb_module_header\">Mitgliedsbeitrag<\/h4><div class=\"et_pb_blurb_description\"><p><strong>J\u00e4hrlicher Mitgliedsbeitrag \u20ac50,00<\/strong><\/p>\n<p>Der hier angegebene Mitgliedsbeitrag ist der Mindestbeitrag.<\/p>\n<p><strong>Beendigung der Mitgliedschaft:<\/strong><br \/>Die Mitgliedschaft erlischt automatisch 12 Monate nach Zahlungseingang.<\/p>\n<\/div><\/div><\/div><\/div>\n<\/div>\n\n<div class=\"et_pb_column_6 et_pb_column et_pb_column_1_3 et-last-child et_block_column et_pb_css_mix_blend_mode_passthrough\">\n<div class=\"et_pb_blurb_2 et_pb_blurb et_pb_bg_layout_light et_pb_text_align_center et_pb_blurb_position_top et_pb_module et_block_module\"><div class=\"et_pb_blurb_content\"><div class=\"et_pb_main_blurb_image\"><span class=\"et_pb_image_wrap\"><span class=\"et-pb-icon\">\uf0c0<\/span><\/span><\/div><div class=\"et_pb_blurb_container\"><h4 class=\"et_pb_module_header\">Registrierter Sitz und Adresse<\/h4><div class=\"et_pb_blurb_description\"><p>Dorfstra\u00dfe 63b\/2, 6241 Radfeld, \u00d6sterreich<\/p>\n<p>ZVR-Zahl: 1772753795<\/p>\n<p>Tel: <a href=\"tel:+436606413331\">+43 660 6413 331<\/a><\/p>\n<p>E-mail: <a href=\"mailto:hallo@kreativ24-7.org\">hallo@kreativ24-7.org<\/a><\/p>\n<\/div><\/div><\/div><\/div>\n<\/div>\n<\/div>\n<\/div>\n\n<div class=\"et_pb_section_2 et_pb_section et_section_regular et_block_section\">\n<div class=\"et_pb_row_4 et_pb_row et_block_row\">\n<div class=\"et_pb_column_7 et_pb_column et_pb_column_4_4 et-last-child et_block_column et_pb_css_mix_blend_mode_passthrough\">\n<div class=\"et_pb_text_1 et_pb_text et_pb_bg_layout_light et_pb_module et_block_module et_pb_text_align_center\"><div class=\"et_pb_text_inner\"><h2>MITGLIED WERDEN<\/h2>\n<\/div><\/div>\n\n<div class=\"et_pb_text_2 et_pb_text et_pb_bg_layout_light et_pb_module et_block_module et_pb_text_align_center\"><div class=\"et_pb_text_inner\"><p>Werden Sie jetzt Mitglied von KREATIV 24\/7 - wir freuen uns, Sie in unserem Verband begr\u00fc\u00dfen zu d\u00fcrfen!<\/p>\n<p>Laden Sie das Formular herunter, f\u00fcllen Sie es aus und senden Sie es per Post oder E-Mail. Bitte \u00fcberweisen Sie den Mitgliedsbeitrag von EUR 50,00 auf das folgende Konto:<\/p>\n<p>KREATIV 24\/7 - DKB Bank -.<br \/>\nIBAN: DE45 1203 0000 1082 1124 08<br \/>\nBIC: BYLADEM1001<\/p>\n<p>Nach Eingang Ihrer Anmeldung und Ihres Mitgliedsbeitrags erhalten Sie innerhalb von 24 Stunden Rabattcodes f\u00fcr unsere Online-Shops. Alle Neuigkeiten \u00fcber Veranstaltungen und Workshops werden Ihnen automatisch per E-Mail zugesendet.<\/p>\n<\/div><\/div>\n<\/div>\n<\/div>\n\n<div class=\"et_pb_row_5 et_pb_row et_block_row\">\n<div class=\"et_pb_column_8 et_pb_column et_pb_column_4_4 et-last-child et_block_column et_pb_css_mix_blend_mode_passthrough\">\n<div class=\"et_pb_cta_0 et_pb_promo et_pb_bg_layout_dark et_pb_module et_block_module\"><div class=\"et_pb_promo_description\"><h2 class=\"et_pb_module_header\">Laden Sie das Formular herunter, drucken Sie es, f\u00fcllen Sie es aus und senden Sie es an uns zur\u00fcck!<\/h2><\/div><div class=\"et_pb_button_wrapper\"><a class=\"et_pb_button et_pb_promo_button\" target=\"_blank\" href=\"https:\/\/www.kreativ24-7.org\/wp-content\/uploads\/Beitrittserklaerung_Kreativ_24-7.pdf\" data-icon=\"\uf1c1\" rel=\"noreferrer\">Hier das Beitrittsformular herunterladen<\/a><\/div><\/div>\n<\/div>\n<\/div>\n<\/div>\n\n<div class=\"et_pb_section_3 et_pb_section et_section_regular et_block_section\">\n<div class=\"et_pb_row_6 et_pb_row et_block_row\">\n<div class=\"et_pb_column_9 et_pb_column et_pb_column_4_4 et-last-child et_block_column et_pb_css_mix_blend_mode_passthrough\">\n\n<\/div>\n<\/div>\n<\/div>","protected":false},"excerpt":{"rendered":"<p>Workshops are billed net. VAT is not applicable. <\/p>\n","protected":false},"featured_media":1951,"template":"","meta":[],"product_brand":[],"product_cat":[165],"product_tag":[],"class_list":{"0":"post-1950","1":"product","2":"type-product","3":"status-publish","4":"has-post-thumbnail","6":"product_cat-workshops-seminars","8":"first","9":"outofstock","10":"purchasable","11":"product-type-variable"},"yoast_head":"<!-- This site is optimized with the Yoast SEO plugin v27.3 - https:\/\/yoast.com\/product\/yoast-seo-wordpress\/ -->\n<title>2 Tages Workshop with Tadelakt - Kreativ 24\/7<\/title>\n<meta name=\"description\" content=\"2-day workshop with Tadelakt from experienced speakers. For all those who would like to learn the basics and practice of this natural plastering.\" \/>\n<meta name=\"robots\" content=\"index, follow, max-snippet:-1, max-image-preview:large, max-video-preview:-1\" \/>\n<link rel=\"canonical\" href=\"https:\/\/www.kreativ24-7.org\/en\/workshop\/workshop-with-tadelakt\/\" \/>\n<meta property=\"og:locale\" content=\"en_US\" \/>\n<meta property=\"og:type\" content=\"article\" \/>\n<meta property=\"og:title\" content=\"2 Tages Workshop with Tadelakt - Kreativ 24\/7\" \/>\n<meta property=\"og:description\" content=\"2-day workshop with Tadelakt from experienced speakers. For all those who would like to learn the basics and practice of this natural plastering.\" \/>\n<meta property=\"og:url\" content=\"https:\/\/www.kreativ24-7.org\/en\/workshop\/workshop-with-tadelakt\/\" \/>\n<meta property=\"og:site_name\" content=\"Verein Kreativ 24\/7\" \/>\n<meta property=\"article:modified_time\" content=\"2026-04-06T09:53:32+00:00\" \/>\n<meta property=\"og:image\" content=\"https:\/\/www.kreativ24-7.org\/wp-content\/uploads\/Tadelakt-Workshop.jpg\" \/>\n\t<meta property=\"og:image:width\" content=\"768\" \/>\n\t<meta property=\"og:image:height\" content=\"1025\" \/>\n\t<meta property=\"og:image:type\" content=\"image\/jpeg\" \/>\n<meta name=\"twitter:card\" content=\"summary_large_image\" \/>\n<script type=\"application\/ld+json\" class=\"yoast-schema-graph\">{\"@context\":\"https:\\\/\\\/schema.org\",\"@graph\":[{\"@type\":\"WebPage\",\"@id\":\"https:\\\/\\\/www.kreativ24-7.org\\\/en\\\/workshop\\\/workshop-with-tadelakt\\\/\",\"url\":\"https:\\\/\\\/www.kreativ24-7.org\\\/en\\\/workshop\\\/workshop-with-tadelakt\\\/\",\"name\":\"2 Tages Workshop with Tadelakt - Kreativ 24\\\/7\",\"isPartOf\":{\"@id\":\"https:\\\/\\\/www.kreativ24-7.org\\\/en\\\/#website\"},\"primaryImageOfPage\":{\"@id\":\"https:\\\/\\\/www.kreativ24-7.org\\\/en\\\/workshop\\\/workshop-with-tadelakt\\\/#primaryimage\"},\"image\":{\"@id\":\"https:\\\/\\\/www.kreativ24-7.org\\\/en\\\/workshop\\\/workshop-with-tadelakt\\\/#primaryimage\"},\"thumbnailUrl\":\"https:\\\/\\\/www.kreativ24-7.org\\\/wp-content\\\/uploads\\\/Tadelakt-Workshop.jpg\",\"datePublished\":\"2023-04-11T13:31:35+00:00\",\"dateModified\":\"2026-04-06T09:53:32+00:00\",\"description\":\"2-day workshop with Tadelakt from experienced speakers. For all those who would like to learn the basics and practice of this natural plastering.\",\"breadcrumb\":{\"@id\":\"https:\\\/\\\/www.kreativ24-7.org\\\/en\\\/workshop\\\/workshop-with-tadelakt\\\/#breadcrumb\"},\"inLanguage\":\"en-US\",\"potentialAction\":[{\"@type\":\"ReadAction\",\"target\":[\"https:\\\/\\\/www.kreativ24-7.org\\\/en\\\/workshop\\\/workshop-with-tadelakt\\\/\"]}]},{\"@type\":\"ImageObject\",\"inLanguage\":\"en-US\",\"@id\":\"https:\\\/\\\/www.kreativ24-7.org\\\/en\\\/workshop\\\/workshop-with-tadelakt\\\/#primaryimage\",\"url\":\"https:\\\/\\\/www.kreativ24-7.org\\\/wp-content\\\/uploads\\\/Tadelakt-Workshop.jpg\",\"contentUrl\":\"https:\\\/\\\/www.kreativ24-7.org\\\/wp-content\\\/uploads\\\/Tadelakt-Workshop.jpg\",\"width\":768,\"height\":1025,\"caption\":\"Tadelakt Workshop Austria\"},{\"@type\":\"BreadcrumbList\",\"@id\":\"https:\\\/\\\/www.kreativ24-7.org\\\/en\\\/workshop\\\/workshop-with-tadelakt\\\/#breadcrumb\",\"itemListElement\":[{\"@type\":\"ListItem\",\"position\":1,\"name\":\"Startseite\",\"item\":\"https:\\\/\\\/www.kreativ24-7.org\\\/en\\\/\"},{\"@type\":\"ListItem\",\"position\":2,\"name\":\"Shop\",\"item\":\"https:\\\/\\\/www.kreativ24-7.org\\\/en\\\/shop\\\/\"},{\"@type\":\"ListItem\",\"position\":3,\"name\":\"Workshop with Tadelakt\"}]},{\"@type\":\"WebSite\",\"@id\":\"https:\\\/\\\/www.kreativ24-7.org\\\/en\\\/#website\",\"url\":\"https:\\\/\\\/www.kreativ24-7.org\\\/en\\\/\",\"name\":\"Verein Kreativ 24\\\/7\",\"description\":\"Workshops f\u00fcr Spachteltechnik und vieles mehr\",\"publisher\":{\"@id\":\"https:\\\/\\\/www.kreativ24-7.org\\\/en\\\/#organization\"},\"potentialAction\":[{\"@type\":\"SearchAction\",\"target\":{\"@type\":\"EntryPoint\",\"urlTemplate\":\"https:\\\/\\\/www.kreativ24-7.org\\\/en\\\/?s={search_term_string}\"},\"query-input\":{\"@type\":\"PropertyValueSpecification\",\"valueRequired\":true,\"valueName\":\"search_term_string\"}}],\"inLanguage\":\"en-US\"},{\"@type\":\"Organization\",\"@id\":\"https:\\\/\\\/www.kreativ24-7.org\\\/en\\\/#organization\",\"name\":\"Kreativ 24\\\/7\",\"url\":\"https:\\\/\\\/www.kreativ24-7.org\\\/en\\\/\",\"logo\":{\"@type\":\"ImageObject\",\"inLanguage\":\"en-US\",\"@id\":\"https:\\\/\\\/www.kreativ24-7.org\\\/en\\\/#\\\/schema\\\/logo\\\/image\\\/\",\"url\":\"https:\\\/\\\/www.kreativ24-7.org\\\/wp-content\\\/uploads\\\/2022\\\/06\\\/logo.png\",\"contentUrl\":\"https:\\\/\\\/www.kreativ24-7.org\\\/wp-content\\\/uploads\\\/2022\\\/06\\\/logo.png\",\"width\":500,\"height\":200,\"caption\":\"Kreativ 24\\\/7\"},\"image\":{\"@id\":\"https:\\\/\\\/www.kreativ24-7.org\\\/en\\\/#\\\/schema\\\/logo\\\/image\\\/\"}}]}<\/script>\n<!-- \/ Yoast SEO plugin. -->","yoast_head_json":{"title":"2 Tages Workshop with Tadelakt - Kreativ 24\/7","description":"2-day workshop with Tadelakt from experienced speakers. For all those who would like to learn the basics and practice of this natural plastering.","robots":{"index":"index","follow":"follow","max-snippet":"max-snippet:-1","max-image-preview":"max-image-preview:large","max-video-preview":"max-video-preview:-1"},"canonical":"https:\/\/www.kreativ24-7.org\/en\/workshop\/workshop-with-tadelakt\/","og_locale":"en_US","og_type":"article","og_title":"2 Tages Workshop with Tadelakt - Kreativ 24\/7","og_description":"2-day workshop with Tadelakt from experienced speakers. For all those who would like to learn the basics and practice of this natural plastering.","og_url":"https:\/\/www.kreativ24-7.org\/en\/workshop\/workshop-with-tadelakt\/","og_site_name":"Verein Kreativ 24\/7","article_modified_time":"2026-04-06T09:53:32+00:00","og_image":[{"width":768,"height":1025,"url":"https:\/\/www.kreativ24-7.org\/wp-content\/uploads\/Tadelakt-Workshop.jpg","type":"image\/jpeg"}],"twitter_card":"summary_large_image","schema":{"@context":"https:\/\/schema.org","@graph":[{"@type":"WebPage","@id":"https:\/\/www.kreativ24-7.org\/en\/workshop\/workshop-with-tadelakt\/","url":"https:\/\/www.kreativ24-7.org\/en\/workshop\/workshop-with-tadelakt\/","name":"2 Tages Workshop with Tadelakt - Kreativ 24\/7","isPartOf":{"@id":"https:\/\/www.kreativ24-7.org\/en\/#website"},"primaryImageOfPage":{"@id":"https:\/\/www.kreativ24-7.org\/en\/workshop\/workshop-with-tadelakt\/#primaryimage"},"image":{"@id":"https:\/\/www.kreativ24-7.org\/en\/workshop\/workshop-with-tadelakt\/#primaryimage"},"thumbnailUrl":"https:\/\/www.kreativ24-7.org\/wp-content\/uploads\/Tadelakt-Workshop.jpg","datePublished":"2023-04-11T13:31:35+00:00","dateModified":"2026-04-06T09:53:32+00:00","description":"2-day workshop with Tadelakt from experienced speakers. For all those who would like to learn the basics and practice of this natural plastering.","breadcrumb":{"@id":"https:\/\/www.kreativ24-7.org\/en\/workshop\/workshop-with-tadelakt\/#breadcrumb"},"inLanguage":"en-US","potentialAction":[{"@type":"ReadAction","target":["https:\/\/www.kreativ24-7.org\/en\/workshop\/workshop-with-tadelakt\/"]}]},{"@type":"ImageObject","inLanguage":"en-US","@id":"https:\/\/www.kreativ24-7.org\/en\/workshop\/workshop-with-tadelakt\/#primaryimage","url":"https:\/\/www.kreativ24-7.org\/wp-content\/uploads\/Tadelakt-Workshop.jpg","contentUrl":"https:\/\/www.kreativ24-7.org\/wp-content\/uploads\/Tadelakt-Workshop.jpg","width":768,"height":1025,"caption":"Tadelakt Workshop Austria"},{"@type":"BreadcrumbList","@id":"https:\/\/www.kreativ24-7.org\/en\/workshop\/workshop-with-tadelakt\/#breadcrumb","itemListElement":[{"@type":"ListItem","position":1,"name":"Startseite","item":"https:\/\/www.kreativ24-7.org\/en\/"},{"@type":"ListItem","position":2,"name":"Shop","item":"https:\/\/www.kreativ24-7.org\/en\/shop\/"},{"@type":"ListItem","position":3,"name":"Workshop with Tadelakt"}]},{"@type":"WebSite","@id":"https:\/\/www.kreativ24-7.org\/en\/#website","url":"https:\/\/www.kreativ24-7.org\/en\/","name":"Verein Kreativ 24\/7","description":"Workshops f\u00fcr Spachteltechnik und vieles mehr","publisher":{"@id":"https:\/\/www.kreativ24-7.org\/en\/#organization"},"potentialAction":[{"@type":"SearchAction","target":{"@type":"EntryPoint","urlTemplate":"https:\/\/www.kreativ24-7.org\/en\/?s={search_term_string}"},"query-input":{"@type":"PropertyValueSpecification","valueRequired":true,"valueName":"search_term_string"}}],"inLanguage":"en-US"},{"@type":"Organization","@id":"https:\/\/www.kreativ24-7.org\/en\/#organization","name":"Kreativ 24\/7","url":"https:\/\/www.kreativ24-7.org\/en\/","logo":{"@type":"ImageObject","inLanguage":"en-US","@id":"https:\/\/www.kreativ24-7.org\/en\/#\/schema\/logo\/image\/","url":"https:\/\/www.kreativ24-7.org\/wp-content\/uploads\/2022\/06\/logo.png","contentUrl":"https:\/\/www.kreativ24-7.org\/wp-content\/uploads\/2022\/06\/logo.png","width":500,"height":200,"caption":"Kreativ 24\/7"},"image":{"@id":"https:\/\/www.kreativ24-7.org\/en\/#\/schema\/logo\/image\/"}}]}},"_links":{"self":[{"href":"https:\/\/www.kreativ24-7.org\/en\/wp-json\/wp\/v2\/product\/1950","targetHints":{"allow":["GET"]}}],"collection":[{"href":"https:\/\/www.kreativ24-7.org\/en\/wp-json\/wp\/v2\/product"}],"about":[{"href":"https:\/\/www.kreativ24-7.org\/en\/wp-json\/wp\/v2\/types\/product"}],"wp:featuredmedia":[{"embeddable":true,"href":"https:\/\/www.kreativ24-7.org\/en\/wp-json\/wp\/v2\/media\/1951"}],"wp:attachment":[{"href":"https:\/\/www.kreativ24-7.org\/en\/wp-json\/wp\/v2\/media?parent=1950"}],"wp:term":[{"taxonomy":"product_brand","embeddable":true,"href":"https:\/\/www.kreativ24-7.org\/en\/wp-json\/wp\/v2\/product_brand?post=1950"},{"taxonomy":"product_cat","embeddable":true,"href":"https:\/\/www.kreativ24-7.org\/en\/wp-json\/wp\/v2\/product_cat?post=1950"},{"taxonomy":"product_tag","embeddable":true,"href":"https:\/\/www.kreativ24-7.org\/en\/wp-json\/wp\/v2\/product_tag?post=1950"}],"curies":[{"name":"wp","href":"https:\/\/api.w.org\/{rel}","templated":true}]}}